{"id":1978,"date":"2023-10-02T13:12:32","date_gmt":"2023-10-02T10:12:32","guid":{"rendered":"https:\/\/smart-infra.ro\/?page_id=1978"},"modified":"2025-03-05T14:49:01","modified_gmt":"2025-03-05T11:49:01","slug":"cookie-policy","status":"publish","type":"page","link":"https:\/\/smart-infra.ro\/ro\/cookie-policy\/","title":{"rendered":"Cookie Policy"},"content":{"rendered":"<div data-elementor-type=\"wp-page\" data-elementor-id=\"1978\" class=\"elementor elementor-1978\" data-elementor-post-type=\"page\">\n\t\t\t\t\t\t<section class=\"elementor-section elementor-top-section elementor-element elementor-element-20b4f2d6 elementor-section-height-min-height elementor-section-full_width elementor-section-height-default elementor-section-items-middle\" data-id=\"20b4f2d6\" data-element_type=\"section\" data-settings=\"{&quot;background_background&quot;:&quot;gradient&quot;,&quot;shape_divider_bottom_negative&quot;:&quot;yes&quot;,&quot;shape_divider_bottom&quot;:&quot;curve&quot;}\">\n\t\t\t\t\t\t\t<div class=\"elementor-background-overlay\"><\/div>\n\t\t\t\t\t\t<div class=\"elementor-shape elementor-shape-bottom\" data-negative=\"true\">\n\t\t\t<svg xmlns=\"http:\/\/www.w3.org\/2000\/svg\" viewbox=\"0 0 1000 100\" preserveaspectratio=\"none\">\n\t<path class=\"elementor-shape-fill\" d=\"M500,97C126.7,96.3,0.8,19.8,0,0v100l1000,0V1C1000,19.4,873.3,97.8,500,97z\"\/>\n<\/svg>\t\t<\/div>\n\t\t\t\t\t<div class=\"elementor-container elementor-column-gap-default\">\n\t\t\t\t\t<div class=\"elementor-column elementor-col-100 elementor-top-column elementor-element elementor-element-6a9f696e\" data-id=\"6a9f696e\" data-element_type=\"column\">\n\t\t\t<div class=\"elementor-widget-wrap elementor-element-populated\">\n\t\t\t\t\t\t<div class=\"elementor-element elementor-element-3b57f618 elementor-widget elementor-widget-heading\" data-id=\"3b57f618\" data-element_type=\"widget\" data-settings=\"{&quot;_animation&quot;:&quot;none&quot;}\" data-widget_type=\"heading.default\">\n\t\t\t\t<div class=\"elementor-widget-container\">\n\t\t\t\t\t<h1 class=\"elementor-heading-title elementor-size-xl\"><b>Cookie<\/b> Politic\u0103<\/h1>\t\t\t\t<\/div>\n\t\t\t\t<\/div>\n\t\t\t\t\t<\/div>\n\t\t<\/div>\n\t\t\t\t\t<\/div>\n\t\t<\/section>\n\t\t\t\t<section class=\"elementor-section elementor-top-section elementor-element elementor-element-8e97926 elementor-reverse-mobile elementor-section-boxed elementor-section-height-default elementor-section-height-default\" data-id=\"8e97926\" data-element_type=\"section\" data-settings=\"{&quot;background_background&quot;:&quot;classic&quot;,&quot;animation&quot;:&quot;none&quot;}\">\n\t\t\t\t\t\t<div class=\"elementor-container elementor-column-gap-wider\">\n\t\t\t\t\t<div class=\"elementor-column elementor-col-100 elementor-top-column elementor-element elementor-element-66eab33e\" data-id=\"66eab33e\" data-element_type=\"column\">\n\t\t\t<div class=\"elementor-widget-wrap elementor-element-populated\">\n\t\t\t\t\t\t<div class=\"elementor-element elementor-element-59a37910 elementor-widget elementor-widget-text-editor\" data-id=\"59a37910\" data-element_type=\"widget\" data-settings=\"{&quot;_animation&quot;:&quot;none&quot;,&quot;_animation_delay&quot;:400}\" data-widget_type=\"text-editor.default\">\n\t\t\t\t<div class=\"elementor-widget-container\">\n\t\t\t\t\t\t\t\t\t<h1>Politica Cookie pentru Smart Infra<\/h1><p>Aceasta este politica cookie pentru Smart Infra, accesibil\u0103 de pe https:\/\/smart-infra.ro<\/p><p>Ultima actualizare: 16 octombrie 2023<\/p><p><strong>Ce sunt cookie-urile<\/strong><\/p><p>A\u0219a cum este o practic\u0103 obi\u0219nuit\u0103 pentru aproape toate site-urile web profesionale, acest site utilizeaz\u0103 cookie-uri, care sunt fi\u0219iere mici care sunt desc\u0103rcate pe computerul dumneavoastr\u0103, pentru a v\u0103 \u00eembun\u0103t\u0103\u021bi experien\u021ba. Aceast\u0103 pagin\u0103 descrie informa\u021biile pe care le colecteaz\u0103, modul \u00een care le folosim \u0219i motivul pentru care uneori trebuie s\u0103 stoc\u0103m aceste module cookie. De asemenea, v\u0103 vom spune cum pute\u021bi \u00eempiedica stocarea acestor module cookie, \u00eens\u0103 acest lucru poate reduce sau \"\u00eentrerupe\" anumite elemente ale func\u021bionalit\u0103\u021bii site-ului.<\/p><p><strong>Cum folosim cookie-urile<\/strong><\/p><p>Utiliz\u0103m cookie-uri pentru o varietate de motive detaliate mai jos. Din p\u0103cate, \u00een majoritatea cazurilor, nu exist\u0103 op\u021biuni standard \u00een industrie pentru dezactivarea cookie-urilor f\u0103r\u0103 a dezactiva complet func\u021bionalitatea \u0219i caracteristicile pe care acestea le adaug\u0103 acestui site. Se recomand\u0103 s\u0103 l\u0103sa\u021bi activate toate modulele cookie dac\u0103 nu sunte\u021bi sigur dac\u0103 ave\u021bi nevoie de ele sau nu, \u00een cazul \u00een care sunt folosite pentru a furniza un serviciu pe care \u00eel utiliza\u021bi.<\/p><p><strong>Dezactivarea cookie-urilor<\/strong><\/p><p>Pute\u021bi \u00eempiedica setarea de module cookie prin ajustarea set\u0103rilor din browserul dumneavoastr\u0103 (consulta\u021bi Ajutorul browserului dumneavoastr\u0103 pentru a afla cum s\u0103 face\u021bi acest lucru). Re\u021bine\u021bi c\u0103 dezactivarea modulelor cookie va afecta func\u021bionalitatea acestui site \u0219i a multor alte site-uri web pe care le vizita\u021bi. Dezactivarea modulelor cookie va duce, de obicei, la dezactivarea anumitor func\u021bionalit\u0103\u021bi \u0219i caracteristici ale acestui site. Prin urmare, v\u0103 recomand\u0103m s\u0103 nu dezactiva\u021bi cookie-urile. Aceast\u0103 politic\u0103 privind modulele cookie a fost creat\u0103 cu ajutorul\u00a0<a href=\"https:\/\/www.cookiepolicygenerator.com\/cookie-policy-generator\/\" target=\"_blank\" rel=\"noopener\">Generator de politici de cookie-uri<\/a>.<\/p><p><strong>Cookie-urile pe care le set\u0103m<\/strong><\/p><ul><li><p>Cookie-uri legate de procesarea comenzilor<\/p><p>Acest site ofer\u0103 facilit\u0103\u021bi de comer\u021b electronic sau de plat\u0103, iar unele module cookie sunt esen\u021biale pentru a ne asigura c\u0103 comanda dvs. este re\u021binut\u0103 de la o pagin\u0103 la alta, astfel \u00eenc\u00e2t s\u0103 o putem procesa \u00een mod corespunz\u0103tor.<\/p><\/li><li><p>Cookie-uri legate de sondaje<\/p><p>Din c\u00e2nd \u00een c\u00e2nd, oferim sondaje \u0219i chestionare pentru utilizatori pentru a v\u0103 oferi informa\u021bii interesante, instrumente utile sau pentru a \u00een\u021belege mai bine baza noastr\u0103 de utilizatori. Aceste sondaje pot utiliza module cookie pentru a re\u021bine cine a participat deja la un sondaj sau pentru a v\u0103 oferi rezultate exacte dup\u0103 ce schimba\u021bi paginile.<\/p><\/li><li><p>Cookie-uri legate de formulare<\/p><p>Atunci c\u00e2nd trimite\u021bi date prin intermediul unui formular, cum ar fi cele de pe paginile de contact sau formularele de comentarii, este posibil s\u0103 fie setate cookie-uri pentru a v\u0103 re\u021bine detaliile de utilizator pentru coresponden\u021ba viitoare.<\/p><\/li><li><p>Cookie-uri privind preferin\u021bele site-ului<\/p><p>Pentru a v\u0103 oferi o experien\u021b\u0103 pl\u0103cut\u0103 pe acest site, v\u0103 oferim func\u021bionalitatea de a v\u0103 seta preferin\u021bele pentru modul \u00een care func\u021bioneaz\u0103 acest site atunci c\u00e2nd \u00eel utiliza\u021bi. Pentru a v\u0103 re\u021bine preferin\u021bele, trebuie s\u0103 set\u0103m cookie-uri, astfel \u00eenc\u00e2t aceste informa\u021bii s\u0103 poat\u0103 fi apelate ori de c\u00e2te ori interac\u021biona\u021bi cu o pagin\u0103 este afectat\u0103 de preferin\u021bele dumneavoastr\u0103.<\/p><\/li><\/ul><p><strong>Cookie-uri de la ter\u021be p\u0103r\u021bi<\/strong><\/p><p>\u00cen unele cazuri speciale, folosim, de asemenea, cookie-uri furnizate de p\u0103r\u021bi ter\u021be de \u00eencredere. Urm\u0103toarea sec\u021biune detaliaz\u0103 ce cookie-uri de la ter\u021be p\u0103r\u021bi a\u021bi putea \u00eent\u00e2lni prin intermediul acestui site.<\/p><ul><li><p>Analizele ter\u021bilor sunt folosite pentru a urm\u0103ri \u0219i m\u0103sura utilizarea acestui site, astfel \u00eenc\u00e2t s\u0103 putem continua s\u0103 producem con\u021binut atractiv. Aceste module cookie pot urm\u0103ri lucruri precum durata de timp pe care o petrece\u021bi pe site sau paginile pe care le vizita\u021bi, ceea ce ne ajut\u0103 s\u0103 \u00een\u021belegem cum putem \u00eembun\u0103t\u0103\u021bi site-ul pentru dumneavoastr\u0103.<\/p><\/li><li><p>Din c\u00e2nd \u00een c\u00e2nd test\u0103m noi caracteristici \u0219i facem modific\u0103ri subtile \u00een modul \u00een care este livrat site-ul. Atunci c\u00e2nd \u00eenc\u0103 test\u0103m noi caracteristici, aceste module cookie pot fi utilizate pentru a ne asigura c\u0103 beneficia\u021bi de o experien\u021b\u0103 consecvent\u0103 \u00een timp ce v\u0103 afla\u021bi pe site, asigur\u00e2ndu-ne \u00een acela\u0219i timp c\u0103 \u00een\u021belegem ce optimiz\u0103ri apreciaz\u0103 cel mai mult utilizatorii no\u0219tri.<\/p><\/li><li><p>Utiliz\u0103m reclame pentru a compensa costurile de func\u021bionare a acestui site \u0219i pentru a asigura finan\u021barea pentru dezvoltarea ulterioar\u0103. Cookie-urile de publicitate comportamental\u0103 utilizate de acest site sunt concepute pentru a ne asigura c\u0103 v\u0103 oferim cele mai relevante reclame, acolo unde este posibil, prin urm\u0103rirea anonim\u0103 a intereselor dvs. \u0219i prin prezentarea unor lucruri similare care ar putea fi de interes.<\/p><\/li><li><p>De asemenea, pe acest site folosim butoane \u0219i\/sau plugin-uri de socializare care v\u0103 permit s\u0103 v\u0103 conecta\u021bi cu re\u021beaua dvs. social\u0103 \u00een diverse moduri. Pentru ca acestea s\u0103 func\u021bioneze, urm\u0103toarele site-uri de socializare, inclusiv: LinkedIn, Facebook, Instagram, vor seta cookie-uri prin intermediul site-ului nostru, care pot fi utilizate pentru a v\u0103 \u00eembun\u0103t\u0103\u021bi profilul pe site-ul lor sau pentru a contribui la datele pe care le de\u021bin \u00een diverse scopuri descrise \u00een politicile lor de confiden\u021bialitate respective.<\/p><\/li><\/ul><p><strong>Mai multe informa\u021bii<\/strong><\/p><p>Sper\u0103m c\u0103 acest lucru a clarificat lucrurile pentru dvs. \u0219i, dup\u0103 cum s-a men\u021bionat anterior, dac\u0103 exist\u0103 ceva de care nu sunte\u021bi sigur c\u0103 ave\u021bi nevoie sau nu, este de obicei mai sigur s\u0103 l\u0103sa\u021bi cookie-urile activate \u00een cazul \u00een care interac\u021bioneaz\u0103 cu una dintre caracteristicile pe care le utiliza\u021bi pe site-ul nostru.<\/p><p>Pentru mai multe informa\u021bii generale despre cookie-uri, v\u0103 rug\u0103m s\u0103 citi\u021bi\u00a0<a href=\"https:\/\/www.cookiepolicygenerator.com\/sample-cookies-policy\/\" target=\"_blank\" rel=\"noopener\">articolul Politica privind modulele cookie<\/a>.<\/p><p>Cu toate acestea, dac\u0103 \u00eenc\u0103 mai c\u0103uta\u021bi mai multe informa\u021bii, ne pute\u021bi contacta prin una dintre metodele noastre de contact preferate:<\/p><ul><li>Email: contact@smart-infra.ro<\/li><\/ul>\t\t\t\t\t\t\t\t<\/div>\n\t\t\t\t<\/div>\n\t\t\t\t\t<\/div>\n\t\t<\/div>\n\t\t\t\t\t<\/div>\n\t\t<\/section>\n\t\t\t\t<\/div>","protected":false},"excerpt":{"rendered":"<p>Cookie Policy Cookie Policy for Smart Infra This is the Cookie Policy for Smart Infra, accessible from https:\/\/smart-infra.ro Last updated October 16, 2023 What Are Cookies As is common practice with almost all professional websites this site uses cookies, which are tiny files that are downloaded to your computer, to improve your experience. This page [&hellip;]<\/p>","protected":false},"author":4,"featured_media":0,"parent":0,"menu_order":6,"comment_status":"closed","ping_status":"closed","template":"elementor_header_footer","meta":{"footnotes":""},"class_list":["post-1978","page","type-page","status-publish","hentry"],"rankMath":{"parentDomain":"smart-infra.ro","noFollowDomains":[],"noFollowExcludeDomains":[],"noFollowExternalLinks":false,"featuredImageNotice":"The featured image should be at least 200 by 200 pixels to be picked up by Facebook and other social media sites.","pluginReviewed":true,"postSettings":{"linkSuggestions":true,"useFocusKeyword":false},"frontEndScore":false,"postName":"cookie-policy","permalinkFormat":"https:\/\/smart-infra.ro\/ro\/%pagename%\/","showLockModifiedDate":true,"assessor":{"focusKeywordLink":"https:\/\/smart-infra.ro\/wp-admin\/edit.php?focus_keyword=%focus_keyword%&post_type=%post_type%","hasTOCPlugin":true,"primaryTaxonomy":false,"serpData":{"title":"","description":"","focusKeywords":"cookie policy,cookies","pillarContent":false,"canonicalUrl":"","breadcrumbTitle":"","advancedRobots":{"max-snippet":"-1","max-video-preview":"-1","max-image-preview":"large"},"facebookTitle":"","facebookDescription":"","facebookImage":"","facebookImageID":"","facebookHasOverlay":false,"facebookImageOverlay":"","facebookAuthor":"","twitterCardType":"","twitterUseFacebook":true,"twitterTitle":"","twitterDescription":"","twitterImage":"","twitterImageID":"","twitterHasOverlay":false,"twitterImageOverlay":"","twitterPlayerUrl":"","twitterPlayerSize":"","twitterPlayerStream":"","twitterPlayerStreamCtype":"","twitterAppDescription":"","twitterAppIphoneName":"","twitterAppIphoneID":"","twitterAppIphoneUrl":"","twitterAppIpadName":"","twitterAppIpadID":"","twitterAppIpadUrl":"","twitterAppGoogleplayName":"","twitterAppGoogleplayID":"","twitterAppGoogleplayUrl":"","twitterAppCountry":"","robots":{"index":true},"twitterAuthor":"username","primaryTerm":0,"authorName":"Ciprian Andrei","titleTemplate":"%title% %sep% %sitename%","descriptionTemplate":"%excerpt%","showScoreFrontend":true,"lockModifiedDate":false},"powerWords":[],"diacritics":{"A":"[\\u0041\\u24B6\\uFF21\\u00C0\\u00C1\\u00C2\\u1EA6\\u1EA4\\u1EAA\\u1EA8\\u00C3\\u0100\\u0102\\u1EB0\\u1EAE\\u1EB4\\u1EB2\\u0226\\u01E0\\u00C4\\u01DE\\u1EA2\\u00C5\\u01FA\\u01CD\\u0200\\u0202\\u1EA0\\u1EAC\\u1EB6\\u1E00\\u0104\\u023A\\u2C6F]","AA":"[\\uA732]","AE":"[\\u00C6\\u01FC\\u01E2]","AO":"[\\uA734]","AU":"[\\uA736]","AV":"[\\uA738\\uA73A]","AY":"[\\uA73C]","B":"[\\u0042\\u24B7\\uFF22\\u1E02\\u1E04\\u1E06\\u0243\\u0182\\u0181]","C":"[\\u0043\\u24B8\\uFF23\\u0106\\u0108\\u010A\\u010C\\u00C7\\u1E08\\u0187\\u023B\\uA73E]","D":"[\\u0044\\u24B9\\uFF24\\u1E0A\\u010E\\u1E0C\\u1E10\\u1E12\\u1E0E\\u0110\\u018B\\u018A\\u0189\\uA779]","DZ":"[\\u01F1\\u01C4]","Dz":"[\\u01F2\\u01C5]","E":"[\\u0045\\u24BA\\uFF25\\u00C8\\u00C9\\u00CA\\u1EC0\\u1EBE\\u1EC4\\u1EC2\\u1EBC\\u0112\\u1E14\\u1E16\\u0114\\u0116\\u00CB\\u1EBA\\u011A\\u0204\\u0206\\u1EB8\\u1EC6\\u0228\\u1E1C\\u0118\\u1E18\\u1E1A\\u0190\\u018E]","F":"[\\u0046\\u24BB\\uFF26\\u1E1E\\u0191\\uA77B]","G":"[\\u0047\\u24BC\\uFF27\\u01F4\\u011C\\u1E20\\u011E\\u0120\\u01E6\\u0122\\u01E4\\u0193\\uA7A0\\uA77D\\uA77E]","H":"[\\u0048\\u24BD\\uFF28\\u0124\\u1E22\\u1E26\\u021E\\u1E24\\u1E28\\u1E2A\\u0126\\u2C67\\u2C75\\uA78D]","I":"[\\u0049\\u24BE\\uFF29\\u00CC\\u00CD\\u00CE\\u0128\\u012A\\u012C\\u0130\\u00CF\\u1E2E\\u1EC8\\u01CF\\u0208\\u020A\\u1ECA\\u012E\\u1E2C\\u0197]","J":"[\\u004A\\u24BF\\uFF2A\\u0134\\u0248]","K":"[\\u004B\\u24C0\\uFF2B\\u1E30\\u01E8\\u1E32\\u0136\\u1E34\\u0198\\u2C69\\uA740\\uA742\\uA744\\uA7A2]","L":"[\\u004C\\u24C1\\uFF2C\\u013F\\u0139\\u013D\\u1E36\\u1E38\\u013B\\u1E3C\\u1E3A\\u0141\\u023D\\u2C62\\u2C60\\uA748\\uA746\\uA780]","LJ":"[\\u01C7]","Lj":"[\\u01C8]","M":"[\\u004D\\u24C2\\uFF2D\\u1E3E\\u1E40\\u1E42\\u2C6E\\u019C]","N":"[\\u004E\\u24C3\\uFF2E\\u01F8\\u0143\\u00D1\\u1E44\\u0147\\u1E46\\u0145\\u1E4A\\u1E48\\u0220\\u019D\\uA790\\uA7A4]","NJ":"[\\u01CA]","Nj":"[\\u01CB]","O":"[\\u004F\\u24C4\\uFF2F\\u00D2\\u00D3\\u00D4\\u1ED2\\u1ED0\\u1ED6\\u1ED4\\u00D5\\u1E4C\\u022C\\u1E4E\\u014C\\u1E50\\u1E52\\u014E\\u022E\\u0230\\u00D6\\u022A\\u1ECE\\u0150\\u01D1\\u020C\\u020E\\u01A0\\u1EDC\\u1EDA\\u1EE0\\u1EDE\\u1EE2\\u1ECC\\u1ED8\\u01EA\\u01EC\\u00D8\\u01FE\\u0186\\u019F\\uA74A\\uA74C]","OI":"[\\u01A2]","OO":"[\\uA74E]","OU":"[\\u0222]","P":"[\\u0050\\u24C5\\uFF30\\u1E54\\u1E56\\u01A4\\u2C63\\uA750\\uA752\\uA754]","Q":"[\\u0051\\u24C6\\uFF31\\uA756\\uA758\\u024A]","R":"[\\u0052\\u24C7\\uFF32\\u0154\\u1E58\\u0158\\u0210\\u0212\\u1E5A\\u1E5C\\u0156\\u1E5E\\u024C\\u2C64\\uA75A\\uA7A6\\uA782]","S":"[\\u0053\\u24C8\\uFF33\\u1E9E\\u015A\\u1E64\\u015C\\u1E60\\u0160\\u1E66\\u1E62\\u1E68\\u0218\\u015E\\u2C7E\\uA7A8\\uA784]","T":"[\\u0054\\u24C9\\uFF34\\u1E6A\\u0164\\u1E6C\\u021A\\u0162\\u1E70\\u1E6E\\u0166\\u01AC\\u01AE\\u023E\\uA786]","TZ":"[\\uA728]","U":"[\\u0055\\u24CA\\uFF35\\u00D9\\u00DA\\u00DB\\u0168\\u1E78\\u016A\\u1E7A\\u016C\\u00DC\\u01DB\\u01D7\\u01D5\\u01D9\\u1EE6\\u016E\\u0170\\u01D3\\u0214\\u0216\\u01AF\\u1EEA\\u1EE8\\u1EEE\\u1EEC\\u1EF0\\u1EE4\\u1E72\\u0172\\u1E76\\u1E74\\u0244]","V":"[\\u0056\\u24CB\\uFF36\\u1E7C\\u1E7E\\u01B2\\uA75E\\u0245]","VY":"[\\uA760]","W":"[\\u0057\\u24CC\\uFF37\\u1E80\\u1E82\\u0174\\u1E86\\u1E84\\u1E88\\u2C72]","X":"[\\u0058\\u24CD\\uFF38\\u1E8A\\u1E8C]","Y":"[\\u0059\\u24CE\\uFF39\\u1EF2\\u00DD\\u0176\\u1EF8\\u0232\\u1E8E\\u0178\\u1EF6\\u1EF4\\u01B3\\u024E\\u1EFE]","Z":"[\\u005A\\u24CF\\uFF3A\\u0179\\u1E90\\u017B\\u017D\\u1E92\\u1E94\\u01B5\\u0224\\u2C7F\\u2C6B\\uA762]","a":"[\\u0061\\u24D0\\uFF41\\u1E9A\\u00E0\\u00E1\\u00E2\\u1EA7\\u1EA5\\u1EAB\\u1EA9\\u00E3\\u0101\\u0103\\u1EB1\\u1EAF\\u1EB5\\u1EB3\\u0227\\u01E1\\u00E4\\u01DF\\u1EA3\\u00E5\\u01FB\\u01CE\\u0201\\u0203\\u1EA1\\u1EAD\\u1EB7\\u1E01\\u0105\\u2C65\\u0250]","aa":"[\\uA733]","ae":"[\\u00E6\\u01FD\\u01E3]","ao":"[\\uA735]","au":"[\\uA737]","av":"[\\uA739\\uA73B]","ay":"[\\uA73D]","b":"[\\u0062\\u24D1\\uFF42\\u1E03\\u1E05\\u1E07\\u0180\\u0183\\u0253]","c":"[\\u0063\\u24D2\\uFF43\\u0107\\u0109\\u010B\\u010D\\u00E7\\u1E09\\u0188\\u023C\\uA73F\\u2184]","d":"[\\u0064\\u24D3\\uFF44\\u1E0B\\u010F\\u1E0D\\u1E11\\u1E13\\u1E0F\\u0111\\u018C\\u0256\\u0257\\uA77A]","dz":"[\\u01F3\\u01C6]","e":"[\\u0065\\u24D4\\uFF45\\u00E8\\u00E9\\u00EA\\u1EC1\\u1EBF\\u1EC5\\u1EC3\\u1EBD\\u0113\\u1E15\\u1E17\\u0115\\u0117\\u00EB\\u1EBB\\u011B\\u0205\\u0207\\u1EB9\\u1EC7\\u0229\\u1E1D\\u0119\\u1E19\\u1E1B\\u0247\\u025B\\u01DD]","f":"[\\u0066\\u24D5\\uFF46\\u1E1F\\u0192\\uA77C]","g":"[\\u0067\\u24D6\\uFF47\\u01F5\\u011D\\u1E21\\u011F\\u0121\\u01E7\\u0123\\u01E5\\u0260\\uA7A1\\u1D79\\uA77F]","h":"[\\u0068\\u24D7\\uFF48\\u0125\\u1E23\\u1E27\\u021F\\u1E25\\u1E29\\u1E2B\\u1E96\\u0127\\u2C68\\u2C76\\u0265]","hv":"[\\u0195]","i":"[\\u0069\\u24D8\\uFF49\\u00EC\\u00ED\\u00EE\\u0129\\u012B\\u012D\\u00EF\\u1E2F\\u1EC9\\u01D0\\u0209\\u020B\\u1ECB\\u012F\\u1E2D\\u0268\\u0131]","j":"[\\u006A\\u24D9\\uFF4A\\u0135\\u01F0\\u0249]","k":"[\\u006B\\u24DA\\uFF4B\\u1E31\\u01E9\\u1E33\\u0137\\u1E35\\u0199\\u2C6A\\uA741\\uA743\\uA745\\uA7A3]","l":"[\\u006C\\u24DB\\uFF4C\\u0140\\u013A\\u013E\\u1E37\\u1E39\\u013C\\u1E3D\\u1E3B\\u017F\\u0142\\u019A\\u026B\\u2C61\\uA749\\uA781\\uA747]","lj":"[\\u01C9]","m":"[\\u006D\\u24DC\\uFF4D\\u1E3F\\u1E41\\u1E43\\u0271\\u026F]","n":"[\\u006E\\u24DD\\uFF4E\\u01F9\\u0144\\u00F1\\u1E45\\u0148\\u1E47\\u0146\\u1E4B\\u1E49\\u019E\\u0272\\u0149\\uA791\\uA7A5]","nj":"[\\u01CC]","o":"[\\u006F\\u24DE\\uFF4F\\u00F2\\u00F3\\u00F4\\u1ED3\\u1ED1\\u1ED7\\u1ED5\\u00F5\\u1E4D\\u022D\\u1E4F\\u014D\\u1E51\\u1E53\\u014F\\u022F\\u0231\\u00F6\\u022B\\u1ECF\\u0151\\u01D2\\u020D\\u020F\\u01A1\\u1EDD\\u1EDB\\u1EE1\\u1EDF\\u1EE3\\u1ECD\\u1ED9\\u01EB\\u01ED\\u00F8\\u01FF\\u0254\\uA74B\\uA74D\\u0275]","oi":"[\\u01A3]","ou":"[\\u0223]","oo":"[\\uA74F]","p":"[\\u0070\\u24DF\\uFF50\\u1E55\\u1E57\\u01A5\\u1D7D\\uA751\\uA753\\uA755]","q":"[\\u0071\\u24E0\\uFF51\\u024B\\uA757\\uA759]","r":"[\\u0072\\u24E1\\uFF52\\u0155\\u1E59\\u0159\\u0211\\u0213\\u1E5B\\u1E5D\\u0157\\u1E5F\\u024D\\u027D\\uA75B\\uA7A7\\uA783]","s":"[\\u0073\\u24E2\\uFF53\\u015B\\u1E65\\u015D\\u1E61\\u0161\\u1E67\\u1E63\\u1E69\\u0219\\u015F\\u023F\\uA7A9\\uA785\\u1E9B]","ss":"[\\u00DF]","t":"[\\u0074\\u24E3\\uFF54\\u1E6B\\u1E97\\u0165\\u1E6D\\u021B\\u0163\\u1E71\\u1E6F\\u0167\\u01AD\\u0288\\u2C66\\uA787]","tz":"[\\uA729]","u":"[\\u0075\\u24E4\\uFF55\\u00F9\\u00FA\\u00FB\\u0169\\u1E79\\u016B\\u1E7B\\u016D\\u00FC\\u01DC\\u01D8\\u01D6\\u01DA\\u1EE7\\u016F\\u0171\\u01D4\\u0215\\u0217\\u01B0\\u1EEB\\u1EE9\\u1EEF\\u1EED\\u1EF1\\u1EE5\\u1E73\\u0173\\u1E77\\u1E75\\u0289]","v":"[\\u0076\\u24E5\\uFF56\\u1E7D\\u1E7F\\u028B\\uA75F\\u028C]","vy":"[\\uA761]","w":"[\\u0077\\u24E6\\uFF57\\u1E81\\u1E83\\u0175\\u1E87\\u1E85\\u1E98\\u1E89\\u2C73]","x":"[\\u0078\\u24E7\\uFF58\\u1E8B\\u1E8D]","y":"[\\u0079\\u24E8\\uFF59\\u1EF3\\u00FD\\u0177\\u1EF9\\u0233\\u1E8F\\u00FF\\u1EF7\\u1E99\\u1EF5\\u01B4\\u024F\\u1EFF]","z":"[\\u007A\\u24E9\\uFF5A\\u017A\\u1E91\\u017C\\u017E\\u1E93\\u1E95\\u01B6\\u0225\\u0240\\u2C6C\\uA763]"},"researchesTests":["contentHasTOC","contentHasShortParagraphs","contentHasAssets","keywordInTitle","keywordInMetaDescription","keywordInPermalink","keywordIn10Percent","keywordInContent","keywordInSubheadings","keywordInImageAlt","keywordDensity","keywordNotUsed","lengthContent","lengthPermalink","linksHasInternal","linksHasExternals","linksNotAllExternals","titleStartWithKeyword","titleSentiment","titleHasPowerWords","titleHasNumber","hasContentAI"],"hasRedirection":true,"hasBreadcrumb":false},"homeUrl":"https:\/\/smart-infra.ro\/ro","objectID":1978,"objectType":"post","locale":"ro","localeFull":"ro_RO","overlayImages":{"play":{"name":"Play icon","url":"https:\/\/smart-infra.ro\/wp-content\/plugins\/seo-by-rank-math\/assets\/admin\/img\/icon-play.png","path":"\/var\/www\/clients\/client18\/web34\/web\/wp-content\/plugins\/seo-by-rank-math\/assets\/admin\/img\/icon-play.png","position":"middle_center"},"gif":{"name":"GIF icon","url":"https:\/\/smart-infra.ro\/wp-content\/plugins\/seo-by-rank-math\/assets\/admin\/img\/icon-gif.png","path":"\/var\/www\/clients\/client18\/web34\/web\/wp-content\/plugins\/seo-by-rank-math\/assets\/admin\/img\/icon-gif.png","position":"middle_center"}},"defautOgImage":"https:\/\/smart-infra.ro\/wp-content\/uploads\/2023\/10\/screenshot.png","customPermalinks":true,"isUserRegistered":true,"autoSuggestKeywords":true,"connectSiteUrl":"https:\/\/rankmath.com\/auth?site=https%3A%2F%2Fsmart-infra.ro%2Fro&r=https%3A%2F%2Fsmart-infra.ro%2Fro%2Fwp-json%2Fwp%2Fv2%2Fpages%2F1978%3Fnonce%3D0ddfd9541a&pro=1","maxTags":100,"trendsIcon":"<svg viewBox=\"0 0 610 610\"><path d=\"M18.85,446,174.32,290.48l58.08,58.08L76.93,504a14.54,14.54,0,0,1-20.55,0L18.83,466.48a14.54,14.54,0,0,1,0-20.55Z\" style=\"fill:#4285f4\"\/><path d=\"M242.65,242.66,377.59,377.6l-47.75,47.75a14.54,14.54,0,0,1-20.55,0L174.37,290.43l47.75-47.75A14.52,14.52,0,0,1,242.65,242.66Z\" style=\"fill:#ea4335\"\/><polygon points=\"319.53 319.53 479.26 159.8 537.34 217.88 377.61 377.62 319.53 319.53\" style=\"fill:#fabb05\"\/><path d=\"M594.26,262.73V118.61h0a16.94,16.94,0,0,0-16.94-16.94H433.2a16.94,16.94,0,0,0-12,28.92L565.34,274.71h0a16.94,16.94,0,0,0,28.92-12Z\" style=\"fill:#34a853\"\/><rect width=\"610\" height=\"610\" style=\"fill:none\"\/><\/svg>","showScore":true,"siteFavIcon":"https:\/\/smart-infra.ro\/wp-content\/uploads\/2023\/06\/cropped-favicon_smartinfra-32x32.png","canUser":{"general":false,"advanced":false,"snippet":false,"social":false,"analysis":false,"analytics":false,"content_ai":false},"showKeywordIntent":true,"isPro":true,"is_front_page":false,"trendsUpgradeLink":"https:\/\/rankmath.com\/pricing\/?utm_source=Plugin&utm_medium=CE%20General%20Tab%20Trends&utm_campaign=WP","trendsUpgradeLabel":"Upgrade","trendsPreviewImage":"https:\/\/smart-infra.ro\/wp-content\/plugins\/seo-by-rank-math\/assets\/admin\/img\/trends-preview.jpg","currentEditor":false,"homepageData":{"assessor":{"powerWords":[],"diacritics":true,"researchesTests":["contentHasTOC","contentHasShortParagraphs","contentHasAssets","keywordInTitle","keywordInMetaDescription","keywordInPermalink","keywordIn10Percent","keywordInContent","keywordInSubheadings","keywordInImageAlt","keywordDensity","keywordNotUsed","lengthContent","lengthPermalink","linksHasInternal","linksHasExternals","linksNotAllExternals","titleStartWithKeyword","titleSentiment","titleHasPowerWords","titleHasNumber","hasContentAI"],"hasBreadcrumb":false,"serpData":{"title":"%sitename% %page% %sep% %sitedesc%","description":"","titleTemplate":"%sitename% %page% %sep% %sitedesc%","descriptionTemplate":"","focusKeywords":"","breadcrumbTitle":"Home","robots":{"index":true},"advancedRobots":{"max-snippet":"-1","max-video-preview":"-1","max-image-preview":"large"},"facebookTitle":"","facebookDescription":"","facebookImage":"","facebookImageID":""}}},"searchIntents":[],"isAnalyticsConnected":false,"tocTitle":"Table of Contents","tocExcludeHeadings":[],"listStyle":"ul"},"_links":{"self":[{"href":"https:\/\/smart-infra.ro\/ro\/wp-json\/wp\/v2\/pages\/1978","targetHints":{"allow":["GET"]}}],"collection":[{"href":"https:\/\/smart-infra.ro\/ro\/wp-json\/wp\/v2\/pages"}],"about":[{"href":"https:\/\/smart-infra.ro\/ro\/wp-json\/wp\/v2\/types\/page"}],"author":[{"embeddable":true,"href":"https:\/\/smart-infra.ro\/ro\/wp-json\/wp\/v2\/users\/4"}],"replies":[{"embeddable":true,"href":"https:\/\/smart-infra.ro\/ro\/wp-json\/wp\/v2\/comments?post=1978"}],"version-history":[{"count":1,"href":"https:\/\/smart-infra.ro\/ro\/wp-json\/wp\/v2\/pages\/1978\/revisions"}],"predecessor-version":[{"id":4199,"href":"https:\/\/smart-infra.ro\/ro\/wp-json\/wp\/v2\/pages\/1978\/revisions\/4199"}],"wp:attachment":[{"href":"https:\/\/smart-infra.ro\/ro\/wp-json\/wp\/v2\/media?parent=1978"}],"curies":[{"name":"wp","href":"https:\/\/api.w.org\/{rel}","templated":true}]}}